{"id":4606,"date":"2026-05-12T10:38:25","date_gmt":"2026-05-12T10:38:25","guid":{"rendered":"https:\/\/naralimon.com\/?page_id=4606"},"modified":"2026-05-12T12:42:56","modified_gmt":"2026-05-12T12:42:56","slug":"home","status":"publish","type":"page","link":"https:\/\/naralimon.com\/es\/","title":{"rendered":"HOME"},"content":{"rendered":"<section id=\"wp-block-themeisle-blocks-advanced-columns-9f8848a6\" class=\"wp-block-themeisle-blocks-advanced-columns alignfull has-1-columns has-desktop-equal-layout has-tablet-collapsedRows-layout has-mobile-collapsedRows-layout has-reverse-columns-tablet has-reverse-columns-mobile has-vertical-center\"><div class=\"wp-block-themeisle-blocks-advanced-columns-overlay\"><\/div><div class=\"innerblocks-wrap\">\n<div id=\"wp-block-themeisle-blocks-advanced-column-cedf80ca\" class=\"wp-block-themeisle-blocks-advanced-column\">\n<h1 id=\"wp-block-themeisle-blocks-advanced-heading-ddc7a054\" class=\"wp-block-themeisle-blocks-advanced-heading wp-block-themeisle-blocks-advanced-heading-ddc7a054\">Casa de Creaciones<\/h1>\n\n\n\n<div style=\"height:40px\" aria-hidden=\"true\" class=\"wp-block-spacer\"><\/div>\n\n\n\n<p style=\"font-size:clamp(16.293px, 1.018rem + ((1vw - 3.2px) * 0.68), 25px);\">Naralimon es una casa de productos espa\u00f1ola con sede en Mijas Costa, M\u00e1laga, creada para desarrollar productos \u00fatiles, distintivos y comercialmente serios \u2014desde herramientas digitales y recursos empresariales hasta proyectos creativos originales\u2014, adem\u00e1s de gestionar en Espa\u00f1a productos seleccionados de Sienda Ltd.<\/p>\n<\/div>\n<\/div><\/section>\n\n\n\n<div style=\"height:50px\" aria-hidden=\"true\" class=\"wp-block-spacer\"><\/div>\n\n\n\n<div id=\"wp-block-themeisle-blocks-advanced-columns-35825447\" class=\"wp-block-themeisle-blocks-advanced-columns alignfull has-2-columns has-desktop-equal-layout has-tablet-equal-layout has-mobile-collapsedRows-layout has-vertical-center ticss-c00aadba\"><div class=\"wp-block-themeisle-blocks-advanced-columns-overlay\"><\/div><div class=\"innerblocks-wrap\">\n<div id=\"wp-block-themeisle-blocks-advanced-column-fedc9d47\" class=\"wp-block-themeisle-blocks-advanced-column\">\n<figure class=\"wp-block-image size-full\"><img loading=\"lazy\" decoding=\"async\" width=\"512\" height=\"512\" src=\"https:\/\/naralimon.com\/wp-content\/uploads\/2025\/03\/cropped-NLCOLOUR-NARALIMON-252048.png\" alt=\"\" class=\"wp-image-3947\" srcset=\"https:\/\/naralimon.com\/wp-content\/uploads\/2025\/03\/cropped-NLCOLOUR-NARALIMON-252048.png 512w, https:\/\/naralimon.com\/wp-content\/uploads\/2025\/03\/cropped-NLCOLOUR-NARALIMON-252048-300x300.png 300w, https:\/\/naralimon.com\/wp-content\/uploads\/2025\/03\/cropped-NLCOLOUR-NARALIMON-252048-150x150.png 150w, https:\/\/naralimon.com\/wp-content\/uploads\/2025\/03\/cropped-NLCOLOUR-NARALIMON-252048-50x50.png 50w, https:\/\/naralimon.com\/wp-content\/uploads\/2025\/03\/cropped-NLCOLOUR-NARALIMON-252048-270x270.png 270w, https:\/\/naralimon.com\/wp-content\/uploads\/2025\/03\/cropped-NLCOLOUR-NARALIMON-252048-192x192.png 192w, https:\/\/naralimon.com\/wp-content\/uploads\/2025\/03\/cropped-NLCOLOUR-NARALIMON-252048-180x180.png 180w, https:\/\/naralimon.com\/wp-content\/uploads\/2025\/03\/cropped-NLCOLOUR-NARALIMON-252048-32x32.png 32w\" sizes=\"auto, (max-width: 512px) 100vw, 512px\" \/><\/figure>\n<\/div>\n\n\n\n<div id=\"wp-block-themeisle-blocks-advanced-column-ed1b12ac\" class=\"wp-block-themeisle-blocks-advanced-column\">\n<h2 id=\"wp-block-themeisle-blocks-advanced-heading-8f3ca166\" class=\"wp-block-themeisle-blocks-advanced-heading wp-block-themeisle-blocks-advanced-heading-8f3ca166\">Creamos, adaptamos y distribuimos productos con un prop\u00f3sito claro.<\/h2>\n\n\n\n<p>Naralimon trabaja con herramientas digitales, recursos empresariales, gu\u00edas e ideas comerciales originales. Algunos productos proceden de Sienda Ltd. Otros son desarrollados directamente por Naralimon.<\/p>\n\n\n\n<div id=\"wp-block-themeisle-blocks-progress-bar-b4d63408\" class=\"wp-block-themeisle-blocks-progress-bar\" data-percent=\"100\" data-duration=\"2\"><div class=\"wp-block-themeisle-blocks-progress-bar__area\"><div class=\"wp-block-themeisle-blocks-progress-bar__area__title\"><span>Solutions<\/span><\/div><div class=\"wp-block-themeisle-blocks-progress-bar__area__bar\"><div class=\"wp-block-themeisle-blocks-progress-bar__progress__append wp-block-themeisle-blocks-progress-bar__number\">100<\/div><\/div><\/div><\/div>\n\n\n\n<div style=\"height:10px\" aria-hidden=\"true\" class=\"wp-block-spacer\"><\/div>\n\n\n\n<div id=\"wp-block-themeisle-blocks-progress-bar-d620fe76\" class=\"wp-block-themeisle-blocks-progress-bar\" data-percent=\"100\" data-duration=\"2\"><div class=\"wp-block-themeisle-blocks-progress-bar__area\"><div class=\"wp-block-themeisle-blocks-progress-bar__area__title\"><span>Quality<\/span><\/div><div class=\"wp-block-themeisle-blocks-progress-bar__area__bar\"><div class=\"wp-block-themeisle-blocks-progress-bar__progress__append wp-block-themeisle-blocks-progress-bar__number\">100<\/div><\/div><\/div><\/div>\n<\/div>\n<\/div><\/div>\n\n\n\n<div style=\"height:100px\" aria-hidden=\"true\" class=\"wp-block-spacer\"><\/div>\n\n\n\n<h3 class=\"wp-block-heading has-text-align-center\">Nuestro enfoque es sencillo: productos \u00fatiles, valor claro y ninguna complejidad innecesaria.<\/h3>\n\n\n\n<div id=\"wp-block-themeisle-blocks-advanced-columns-6060ad37\" class=\"wp-block-themeisle-blocks-advanced-columns alignfull has-1-columns has-desktop-equal-layout has-tablet-equal-layout has-mobile-equal-layout has-vertical-unset has-light-bg\"><div class=\"wp-block-themeisle-blocks-advanced-columns-overlay\"><\/div><div class=\"innerblocks-wrap\">\n<div id=\"wp-block-themeisle-blocks-advanced-column-e9443913\" class=\"wp-block-themeisle-blocks-advanced-column\">\n<h2 class=\"wp-block-heading has-text-color has-link-color wp-elements-e7e5c6958b9422afd852c69cec6d8c0a\" style=\"color:#070731\">Gesti\u00f3n del mercado espa\u00f1ol<\/h2>\n\n\n\n<p class=\"has-text-color has-link-color wp-elements-94b8c7c6841b3c2b556e4d0a24e57d38\" style=\"color:#070731;font-size:clamp(14.642px, 0.915rem + ((1vw - 3.2px) * 0.575), 22px);\">Localizaci\u00f3n, adaptaci\u00f3n, distribuci\u00f3n y gesti\u00f3n de productos y soluciones en Espa\u00f1a.<\/p>\n<\/div>\n<\/div><\/div>\n\n\n\n<div id=\"wp-block-themeisle-blocks-advanced-columns-f0d39e55\" class=\"wp-block-themeisle-blocks-advanced-columns alignfull has-3-columns has-desktop-equal-layout has-tablet-equal-layout has-mobile-collapsedRows-layout has-vertical-unset has-light-bg\"><div class=\"wp-block-themeisle-blocks-advanced-columns-overlay\"><\/div><div class=\"innerblocks-wrap\">\n<div id=\"wp-block-themeisle-blocks-advanced-column-df3a3bbe\" class=\"wp-block-themeisle-blocks-advanced-column has-light-bg\">\n<div id=\"wp-block-themeisle-blocks-font-awesome-icons-7b689dc6\" class=\"wp-block-themeisle-blocks-font-awesome-icons\"><span class=\"wp-block-themeisle-blocks-font-awesome-icons-container\"><svg xmlns=\"http:\/\/www.w3.org\/2000\/svg\" viewbox=\"0 0 1800 1800\"><path d=\"M1590.159,376.445c-14.401-99.645-62.88-191.214-137.876-259.647 c-80.549-73.5-185.007-113.977-294.123-113.977c-137.095,0-264.828,63.774-347.255,171.996 c-44.933-22.768-94.688-34.687-145.53-34.687c-138.358,0-259.688,87.511-304.327,216.061c-11.252-1.184-22.574-1.776-33.883-1.776 c-177.686,0-322.247,144.557-322.247,322.246c0,177.686,144.561,322.243,322.247,322.243c5.378,0,10.923-0.146,16.538-0.435 c0.86,0.07,1.728,0.104,2.605,0.104h106.91v196.466c0,39.389,25.645,95.509,147.825,139.187 c73.803,26.387,168.201,42.477,269.688,46.315v141.735c-51.562,11.959-92.227,52.629-104.186,104.204H350.779 c-17.367,0-31.445,14.077-31.445,31.444s14.078,31.443,31.445,31.443h415.767c14.301,61.688,69.662,107.81,135.63,107.81 c65.968,0,121.328-46.122,135.63-107.81h415.767c17.368,0,31.445-14.076,31.445-31.443s-14.077-31.444-31.445-31.444h-415.767 c-11.958-51.575-52.624-92.245-104.185-104.204v-140.959c113.528-1.386,220.136-17.955,301.623-47.092 c122.181-43.678,147.825-99.798,147.825-139.187V998.574h75.536c5.01,0.22,9.672,0.33,14.238,0.33c4.717,0,9.551-0.114,14.78-0.355 c0.06,0,0.126-0.006,0.191-0.009c172.299-7.896,307.267-149.286,307.267-321.879 C1795.082,542.664,1713.555,424.476,1590.159,376.445z M971.688,1626.481c4.36,9.603,6.852,20.228,6.852,31.444 s-2.491,21.842-6.852,31.443c-12.016,26.449-38.621,44.922-69.513,44.922s-57.497-18.473-69.512-44.922 c-4.36-9.602-6.852-20.227-6.852-31.443s2.492-21.842,6.852-31.444c12.015-26.448,38.621-44.921,69.512-44.921 S959.673,1600.033,971.688,1626.481z M1320.182,1195.04c0,50.364-156.617,123.526-402.037,123.526 c-245.422,0-402.038-73.162-402.038-123.526v-82.546c21.092,14.357,48.755,28.387,84.937,41.324 c85.187,30.457,197.798,47.227,317.102,47.227c119.301,0,231.913-16.77,317.1-47.227c36.182-12.938,63.846-26.967,84.938-41.324 V1195.04z M1320.182,1014.631c0,50.363-156.617,123.526-402.037,123.526c-245.422,0-402.038-73.163-402.038-123.526v-16.057v-60.331 c21.092,14.358,48.755,28.388,84.937,41.324c19.872,7.105,41.288,13.432,63.88,19.007c74.259,18.328,161.748,28.221,253.222,28.221 c91.472,0,178.962-9.893,253.221-28.221c22.591-5.575,44.007-11.901,63.879-19.007c36.182-12.937,63.846-26.966,84.938-41.324 v60.331V1014.631z M516.106,840.379c0-50.368,156.616-123.535,402.038-123.535c245.42,0,402.037,73.167,402.037,123.535 c0,30.523-57.608,69.398-157.564,95.307c-64.976,16.84-147.795,28.221-244.473,28.221c-96.681,0-179.498-11.381-244.475-28.221 C573.713,909.777,516.106,870.903,516.106,840.379z M1485.101,935.713c-0.062,0-0.123,0.004-0.185,0.009 c-8.662,0.395-15.533,0.395-24.152,0c-0.483-0.026-0.966-0.035-1.449-0.035h-76.245V832.141c0-4.027-0.785-7.861-2.163-11.396 c-8.242-37.038-42.625-82.721-145.662-119.561c-85.182-30.453-197.799-47.228-317.1-47.228 c-119.303,0-231.919,16.775-317.102,47.228c-122.18,43.684-147.825,99.803-147.825,139.196v95.307H350.726 c-2.124-0.304-4.281-0.387-6.462-0.245c-5.847,0.381-11.599,0.573-17.1,0.573c-143.012,0-259.357-116.345-259.357-259.354 c0-143.007,116.345-259.357,259.357-259.357c16.828,0,33.699,1.636,50.141,4.856c16.477,3.225,32.471-6.983,36.542-23.202 c28.975-115.367,132.41-195.938,251.527-195.938c48.983,0,96.697,13.734,137.985,39.722c14.458,9.103,33.542,4.992,42.973-9.26 C915.831,128.427,1032.4,65.71,1158.16,65.71c193.254,0,353.107,144.842,371.834,336.911c1.22,12.511,9.771,23.092,21.742,26.909 c107.936,34.432,180.457,133.743,180.457,247.131C1732.193,815.52,1623.674,929.277,1485.101,935.713z\"><\/path><\/svg><\/span><\/div>\n\n\n\n<h3 class=\"wp-block-heading has-palette-color-4-color has-text-color\" style=\"margin-top:0px\">Productos digitales<\/h3>\n\n\n\n<p class=\"has-text-color has-link-color wp-elements-77eb5b266bf6e925c54f320cb262a547\" style=\"color:#070731\">Herramientas y aplicaciones para profesionales y empresas.<\/p>\n<\/div>\n\n\n\n<div id=\"wp-block-themeisle-blocks-advanced-column-a92486ee\" class=\"wp-block-themeisle-blocks-advanced-column has-light-bg\">\n<div id=\"wp-block-themeisle-blocks-font-awesome-icons-a8eb2801\" class=\"wp-block-themeisle-blocks-font-awesome-icons\"><span class=\"wp-block-themeisle-blocks-font-awesome-icons-container\"><svg xmlns=\"http:\/\/www.w3.org\/2000\/svg\" viewbox=\"0 0 1800 1800\"><path d=\"M197.667,1268.735h536.292c17.423,0,31.546-14.119,31.546-31.546c0-17.421-14.123-31.547-31.546-31.547 H197.667c-17.423,0-31.546,14.126-31.546,31.547C166.121,1254.616,180.243,1268.735,197.667,1268.735z\"><\/path><path d=\"M905.211,1423.088H197.667c-17.423,0-31.546,14.127-31.546,31.546c0,17.428,14.123,31.547,31.546,31.547 h707.544c17.425,0,31.547-14.119,31.547-31.547C936.758,1437.215,922.636,1423.088,905.211,1423.088z\"><\/path><path d=\"M197.667,1051.29h1381.288c17.425,0,31.547-14.129,31.547-31.547c0-17.428-14.122-31.547-31.547-31.547 H197.667c-17.423,0-31.546,14.119-31.546,31.547C166.121,1037.161,180.243,1051.29,197.667,1051.29z\"><\/path><path d=\"M1418.561,1141.168c-41.674,0-80.367,12.946-112.333,34.979c-31.964-22.032-70.658-34.979-112.331-34.979 c-109.409,0-198.422,89.015-198.422,198.423c0,109.411,89.013,198.417,198.422,198.417c41.673,0,80.367-12.939,112.331-34.979 c31.966,22.04,70.659,34.979,112.333,34.979c109.409,0,198.419-89.006,198.419-198.417 C1616.979,1230.183,1527.97,1141.168,1418.561,1141.168z M1306.228,1414.962c-14.511-21.556-22.995-47.485-22.995-75.371 c0-27.884,8.484-53.825,22.995-75.38c14.51,21.555,22.995,47.496,22.995,75.38 C1329.223,1367.477,1320.737,1393.406,1306.228,1414.962z M1058.568,1339.591c0-74.622,60.707-135.33,135.328-135.33 c23.75,0,46.087,6.17,65.513,16.97c-24.654,33.061-39.27,74.033-39.27,118.36c0,44.319,14.615,85.292,39.27,118.354 c-19.426,10.8-41.763,16.97-65.513,16.97C1119.275,1474.914,1058.568,1414.207,1058.568,1339.591z M1418.561,1474.914 c-23.753,0-46.09-6.17-65.515-16.97c24.655-33.062,39.271-74.034,39.271-118.354c0-44.327-14.615-85.3-39.271-118.36 c19.425-10.8,41.762-16.97,65.515-16.97c74.618,0,135.326,60.708,135.326,135.33 C1553.887,1414.207,1493.179,1474.914,1418.561,1474.914z\"><\/path><path d=\"M1765.979,668.543h-74.491l-237.127-647.23c-5.99-16.356-24.096-24.773-40.471-18.768L44.973,504.073 c-16.358,5.994-24.76,24.113-18.766,40.474l45.428,123.997H34.02c-17.424,0-31.547,14.123-31.547,31.546v1067.756 c0,17.429,14.123,31.547,31.547,31.547h1731.96c17.425,0,31.548-14.118,31.548-31.547V700.09 C1797.527,682.667,1783.404,668.543,1765.979,668.543z M1624.293,668.543H658.115l851.84-312.087L1624.293,668.543z M1405.972,72.641l34.923,95.313L131.221,647.777l-34.923-95.315L1405.972,72.641z M1462.596,227.196l25.653,70.019 L474.711,668.543H257.947L1462.596,227.196z M1734.434,1736.3H65.566V731.637h29.188h67.186H302.5h183.404h1161.509h67.189h19.831 v54.12v155.445V1736.3z\"><\/path><\/svg><\/span><\/div>\n\n\n\n<h3 class=\"wp-block-heading has-palette-color-4-color has-text-color\" style=\"margin-top:0px\">Recursos empresariales<\/h3>\n\n\n\n<p class=\"has-text-color has-link-color wp-elements-8787fa9299ff9272a09bd4b50cc3655d\" style=\"color:#070731\">Gu\u00edas, informes, plantillas y productos de conocimiento pr\u00e1ctico.<\/p>\n<\/div>\n\n\n\n<div id=\"wp-block-themeisle-blocks-advanced-column-0c34f1ca\" class=\"wp-block-themeisle-blocks-advanced-column has-light-bg\">\n<div id=\"wp-block-themeisle-blocks-font-awesome-icons-a58203cd\" class=\"wp-block-themeisle-blocks-font-awesome-icons\"><span class=\"wp-block-themeisle-blocks-font-awesome-icons-container\"><svg xmlns=\"http:\/\/www.w3.org\/2000\/svg\" viewbox=\"0 0 1800 1800\"><path d=\"M1541.606,1540.146l0.009-0.008c35.598-35.594,35.598-93.52,0-129.121 c-17.24-17.236-40.178-26.745-64.569-26.745c-24.378,0-47.314,9.509-64.564,26.763c-35.588,35.584-35.588,93.51,0.009,129.104 C1448.096,1575.73,1506.014,1575.73,1541.606,1540.146z M1440.885,1511.743c-9.656-9.655-14.975-22.498-14.975-36.165 c0-13.659,5.318-26.511,14.975-36.167c9.665-9.655,22.512-14.979,36.175-14.979c13.659,0,26.497,5.323,36.161,14.979 c19.938,19.945,19.938,52.387-0.008,72.332C1493.271,1531.689,1460.831,1531.681,1440.885,1511.743z\"><\/path><path d=\"M1700.934,402.736c0.021-0.026,0.047-0.043,0.068-0.065c0.044-0.043,0.083-0.091,0.127-0.134l5.504-5.505 l-0.138-0.139c81.836-87.814,80.038-225.814-5.507-311.356c-42.353-42.357-98.664-65.685-158.565-65.685 c-57.228,0-111.154,21.339-152.792,60.18l-0.134-0.134l-5.511,5.507c-0.043,0.046-0.09,0.085-0.134,0.131 c-0.021,0.021-0.039,0.045-0.061,0.069L66.371,1403.02l0.513,0.513c-7.364,4.749-12.699,12.548-13.98,21.907L9.578,1741.903 c-1.319,9.647,1.95,19.347,8.831,26.232c5.875,5.87,13.807,9.108,22.004,9.108c1.402,0,2.813-0.095,4.224-0.286l316.451-43.338 c9.365-1.276,17.163-6.617,21.912-13.98l0.512,0.513L1700.934,402.736z M1542.423,82.094c43.272,0,83.954,16.852,114.551,47.452 c55.643,55.638,62.276,142.02,19.897,204.983L1451.973,109.64C1478.482,91.724,1509.717,82.094,1542.423,82.094z M1389.497,167.919l229.113,229.112L383.512,1632.129l-86.195-86.19l991.423-991.409l-59.351-59.342l-991.41,991.418 l-83.585-83.586L1389.497,167.919z M76.804,1709.731l35.68-260.604l224.915,224.916L76.804,1709.731z\"><\/path><path d=\"M506.941,804.479l56.789-56.789l-454.446-454.45l185.432-185.437l87.924,87.932l-63.792,63.783 l50.362,50.359l63.792-63.779l51.262,51.258l-63.792,63.788l50.363,50.354l63.797-63.779l51.257,51.267l-94.375,94.353 l50.376,50.363l94.362-94.362l62.502,62.498l-63.792,63.801l50.363,50.354l63.792-63.792l0.043,0.047l56.789-56.789 L323.106,22.622c-15.682-15.686-41.102-15.686-56.784,0L24.102,264.845c-15.687,15.683-15.687,41.107,0,56.789L506.941,804.479z\"><\/path><path d=\"M1778.944,1478.287c-0.726-0.729-1.478-1.424-2.241-2.085l-505.282-505.273l-151.159,151.159l50.259,50.26 l94.371-94.37l428.79,428.782l-185.441,185.432l-479.045-479.041l-56.789,56.798l507.437,507.427 c15.682,15.69,41.102,15.69,56.788,0l242.234-242.213c0.021-0.034,0.048-0.052,0.079-0.086 C1794.63,1519.402,1794.63,1493.969,1778.944,1478.287z\"><\/path><\/svg><\/span><\/div>\n\n\n\n<h3 class=\"wp-block-heading has-palette-color-4-color has-text-color\" style=\"margin-top:0px\">Proyectos creativos<\/h3>\n\n\n\n<p class=\"has-text-color has-link-color wp-elements-8bc7b8ba4eb89cbc88318bc08e84c028\" style=\"color:#070731\">Ideas originales para publicaci\u00f3n, entretenimiento, educaci\u00f3n y productos f\u00edsicos.<\/p>\n<\/div>\n<\/div><\/div>\n\n\n\n<div style=\"height:100px\" aria-hidden=\"true\" class=\"wp-block-spacer\"><\/div>\n\n\n\n<div class=\"wp-block-stackable-columns alignfull stk-block-columns stk-block stk-763009c\" data-block-id=\"763009c\"><style>.stk-763009c {margin-top:var(--stk--preset--spacing--70, 3.38rem) !important;margin-bottom:var(--stk--preset--spacing--70, 3.38rem) !important;}<\/style><div class=\"stk-row stk-inner-blocks stk-block-content stk-content-align stk-763009c-column alignwide\">\n<div class=\"wp-block-stackable-column stk-block-column stk-column stk-block stk-3cc60ab\" data-v=\"4\" data-block-id=\"3cc60ab\"><style>.stk-3cc60ab {align-self:center !important;}<\/style><div class=\"stk-column-wrapper stk-block-column__content stk-container stk-3cc60ab-container stk--no-background stk--no-padding\"><div class=\"stk-block-content stk-inner-blocks stk-3cc60ab-inner-blocks\">\n<div class=\"wp-block-stackable-heading stk-block-heading stk-block-heading--v2 stk-block stk-2f45daf\" id=\"heading-placeholder\" data-block-id=\"2f45daf\"><h2 class=\"stk-block-heading__text\">Conectados con Sienda Ltd<\/h2><\/div>\n\n\n\n<div class=\"wp-block-stackable-text stk-block-text stk-block stk-7f87193\" data-block-id=\"7f87193\"><p class=\"stk-block-text__text\">Naralimon trabaja en estrecha colaboraci\u00f3n con Sienda Ltd, una empresa brit\u00e1nica que crea herramientas digitales, productos empresariales, soluciones de IA, plataformas de entretenimiento, gu\u00edas y proyectos editoriales originales. Damos a productos seleccionados de Sienda una presencia dedicada en Espa\u00f1a, mientras desarrollamos nuestro propio cat\u00e1logo de creaciones.<\/p><\/div>\n<\/div><\/div><\/div>\n\n\n\n<div class=\"wp-block-stackable-column stk-block-column stk-column stk-block stk-bf71c11\" data-v=\"4\" data-block-id=\"bf71c11\"><div class=\"stk-column-wrapper stk-block-column__content stk-container stk-bf71c11-container stk--no-background stk--no-padding\"><div class=\"stk-block-content stk-inner-blocks stk-bf71c11-inner-blocks\">\n<div class=\"wp-block-stackable-image stk-block-image stk-block stk-711409e\" data-block-id=\"711409e\"><figure><span class=\"stk-img-wrapper stk-image--shape-stretch\"><img loading=\"lazy\" decoding=\"async\" class=\"stk-img wp-image-4043\" src=\"https:\/\/naralimon.com\/wp-content\/uploads\/2025\/03\/Sienda-ltd-1200x625-trsp.png\" width=\"1200\" height=\"625\" srcset=\"https:\/\/naralimon.com\/wp-content\/uploads\/2025\/03\/Sienda-ltd-1200x625-trsp.png 1200w, https:\/\/naralimon.com\/wp-content\/uploads\/2025\/03\/Sienda-ltd-1200x625-trsp-300x156.png 300w, https:\/\/naralimon.com\/wp-content\/uploads\/2025\/03\/Sienda-ltd-1200x625-trsp-1024x533.png 1024w, https:\/\/naralimon.com\/wp-content\/uploads\/2025\/03\/Sienda-ltd-1200x625-trsp-768x400.png 768w\" sizes=\"auto, (max-width: 1200px) 100vw, 1200px\" \/><\/span><\/figure><\/div>\n<\/div><\/div><\/div>\n<\/div><\/div>\n\n\n\n<div style=\"height:100px\" aria-hidden=\"true\" class=\"wp-block-spacer\"><\/div>\n\n\n\n<p><\/p>","protected":false},"excerpt":{"rendered":"<p>Our focus is simple: useful products, clear value, and no unnecessary complexity. Connected to Sienda Ltd Naralimon works closely with Sienda Ltd, a UK company that creates digital tools, business products, AI solutions, entertainment platforms, guides, and original publishing projects. We give selected Sienda products a dedicated presence in Spain while developing its own catalogue [&hellip;]<\/p>\n","protected":false},"author":1,"featured_media":0,"parent":0,"menu_order":0,"comment_status":"closed","ping_status":"closed","template":"","meta":{"_themeisle_gutenberg_block_has_review":false,"footnotes":""},"class_list":["post-4606","page","type-page","status-publish","hentry"],"blocksy_meta":{"has_hero_section":"disabled","styles_descriptor":{"styles":{"desktop":"","tablet":"","mobile":""},"google_fonts":[],"version":6}},"_links":{"self":[{"href":"https:\/\/naralimon.com\/es\/wp-json\/wp\/v2\/pages\/4606","targetHints":{"allow":["GET"]}}],"collection":[{"href":"https:\/\/naralimon.com\/es\/wp-json\/wp\/v2\/pages"}],"about":[{"href":"https:\/\/naralimon.com\/es\/wp-json\/wp\/v2\/types\/page"}],"author":[{"embeddable":true,"href":"https:\/\/naralimon.com\/es\/wp-json\/wp\/v2\/users\/1"}],"replies":[{"embeddable":true,"href":"https:\/\/naralimon.com\/es\/wp-json\/wp\/v2\/comments?post=4606"}],"version-history":[{"count":10,"href":"https:\/\/naralimon.com\/es\/wp-json\/wp\/v2\/pages\/4606\/revisions"}],"predecessor-version":[{"id":4658,"href":"https:\/\/naralimon.com\/es\/wp-json\/wp\/v2\/pages\/4606\/revisions\/4658"}],"wp:attachment":[{"href":"https:\/\/naralimon.com\/es\/wp-json\/wp\/v2\/media?parent=4606"}],"curies":[{"name":"wp","href":"https:\/\/api.w.org\/{rel}","templated":true}]}}