{"id":4037,"date":"2025-03-18T13:31:49","date_gmt":"2025-03-18T13:31:49","guid":{"rendered":"https:\/\/naralimon.com\/?page_id=4037"},"modified":"2026-05-12T14:46:51","modified_gmt":"2026-05-12T14:46:51","slug":"ecosystem","status":"publish","type":"page","link":"https:\/\/naralimon.com\/es\/ecosystem\/","title":{"rendered":"ECOSYSTEM"},"content":{"rendered":"<div class=\"wp-block-stackable-columns alignwide stk-block-columns stk-block stk-168a11f\" data-block-id=\"168a11f\"><div class=\"stk-row stk-inner-blocks stk-block-content stk-content-align stk-168a11f-column alignwide\">\n<div class=\"wp-block-stackable-column stk-block-column stk-column stk-block stk-0e1acfb\" data-v=\"4\" data-block-id=\"0e1acfb\"><div class=\"stk-column-wrapper stk-block-column__content stk-container stk-0e1acfb-container stk--no-background stk--no-padding\"><div class=\"stk-block-content stk-inner-blocks stk-0e1acfb-inner-blocks\">\n<div class=\"wp-block-stackable-heading stk-block-heading stk-block-heading--v2 stk-block stk-a0e9f40\" id=\"enjoy\" data-block-id=\"a0e9f40\"><style>.stk-a0e9f40 {margin-bottom:16px !important;}<\/style><h2 class=\"stk-block-heading__text has-text-align-center\">Enjoy<\/h2><\/div>\n\n\n\n<div class=\"wp-block-stackable-text stk-block-text stk-block stk-a3be4c6\" data-block-id=\"a3be4c6\"><style>.stk-a3be4c6 {margin-bottom:48px !important;}.stk-a3be4c6 .stk-block-text__text{font-size:20px !important;}@media screen and (max-width:999px){.stk-a3be4c6 .stk-block-text__text{font-size:20px !important;}}<\/style><p class=\"stk-block-text__text has-text-align-center\">Descubre una parte de nuestro ecosistema: una selecci\u00f3n de productos para Espa\u00f1a, respaldada por m\u00e1s de 35 a\u00f1os de experiencia en ingenier\u00eda empresarial e IT.<\/p><\/div>\n\n\n\n<div class=\"wp-block-stackable-feature-grid alignwide stk-block-feature-grid stk-block-columns stk-block stk-b2795c5 is-style-large-mid\" data-block-id=\"b2795c5\"><style>.stk-b2795c5 .stk--block-align-b2795c5{align-items:center !important;}.stk-b2795c5-column{--stk-column-gap:32px !important;}@media screen and (max-width:689px){.stk-b2795c5-column{row-gap:24px !important;}}<\/style><div class=\"stk-row stk-inner-blocks has-text-align-center stk--block-align-b2795c5 stk-block-content stk-content-align stk-b2795c5-column alignwide\">\n<div class=\"wp-block-stackable-column stk-block-column stk-column stk-block stk-703e4ea\" data-v=\"4\" data-block-id=\"703e4ea\"><style>.stk-703e4ea-inner-blocks{justify-content:center !important;}.stk-703e4ea-container{display:flex !important;}@media screen and (min-width:690px) and (max-width:999px){.stk-703e4ea {flex:var(--stk-flex-grow, 1) 1 calc(100% - var(--stk-column-gap, 0px) * 0 \/ 1 ) !important;}}<\/style><div class=\"stk-column-wrapper stk-block-column__content stk-container stk-703e4ea-container stk--no-background stk--no-padding\"><div class=\"stk-block-content stk-inner-blocks stk-703e4ea-inner-blocks\">\n<div class=\"wp-block-stackable-image stk-block-image stk-block stk-9ff7ab2\" data-block-id=\"9ff7ab2\"><style>.stk-9ff7ab2 .stk-img-wrapper{height:100px !important;}<\/style><figure><span class=\"stk-img-wrapper stk-image--shape-stretch\"><img loading=\"lazy\" decoding=\"async\" class=\"stk-img wp-image-4667\" src=\"https:\/\/naralimon.com\/wp-content\/uploads\/2026\/05\/JB-LOGO-W-1000X300.png\" width=\"1000\" height=\"300\" srcset=\"https:\/\/naralimon.com\/wp-content\/uploads\/2026\/05\/JB-LOGO-W-1000X300.png 1000w, https:\/\/naralimon.com\/wp-content\/uploads\/2026\/05\/JB-LOGO-W-1000X300-300x90.png 300w, https:\/\/naralimon.com\/wp-content\/uploads\/2026\/05\/JB-LOGO-W-1000X300-768x230.png 768w, https:\/\/naralimon.com\/wp-content\/uploads\/2026\/05\/JB-LOGO-W-1000X300-18x5.png 18w\" sizes=\"auto, (max-width: 1000px) 100vw, 1000px\" \/><\/span><\/figure><\/div>\n\n\n\n<div class=\"wp-block-stackable-text stk-block-text stk-block stk-f6f1662\" data-block-id=\"f6f1662\"><p class=\"stk-block-text__text\">Intercambio temporal seguro para informaci\u00f3n sensible. Un sistema centrado en la confidencialidad para intercambiar datos cr\u00edticos sin dejar residuos digitales permanentes.<\/p><\/div>\n\n\n\n<div class=\"wp-block-stackable-button-group stk-block-button-group stk-block stk-3f797bc\" data-block-id=\"3f797bc\"><div class=\"stk-row stk-inner-blocks stk-block-content stk-button-group\">\n<div class=\"wp-block-stackable-button stk-block-button stk-block stk-8069958\" data-block-id=\"8069958\"><a class=\"stk-link stk-button stk--hover-effect-darken\" href=\"https:\/\/naralimon.com\/es\/ecosystem\/jambastic\/\" rel=\"noreferrer noopener\"><span class=\"stk-button__inner-text\">M\u00e1s informaci\u00f3n<\/span><span class=\"stk--svg-wrapper\"><div class=\"stk--inner-svg\"><svg aria-hidden=\"true\" data-prefix=\"fas\" data-icon=\"arrow-right\" class=\"svg-inline--fa fa-arrow-right fa-w-14\" xmlns=\"http:\/\/www.w3.org\/2000\/svg\" viewbox=\"0 0 448 512\" width=\"32\" height=\"32\"><path fill=\"currentColor\" d=\"M190.5 66.9l22.2-22.2c9.4-9.4 24.6-9.4 33.9 0L441 239c9.4 9.4 9.4 24.6 0 33.9L246.6 467.3c-9.4 9.4-24.6 9.4-33.9 0l-22.2-22.2c-9.5-9.5-9.3-25 .4-34.3L311.4 296H24c-13.3 0-24-10.7-24-24v-32c0-13.3 10.7-24 24-24h287.4L190.9 101.2c-9.8-9.3-10-24.8-.4-34.3z\"><\/path><\/svg><\/div><\/span><\/a><\/div>\n<\/div><\/div>\n<\/div><\/div><\/div>\n\n\n\n<div class=\"wp-block-stackable-column stk-block-column stk-column stk-block stk-4de02d0\" data-v=\"4\" data-block-id=\"4de02d0\"><style>.stk-4de02d0-container{box-shadow:0 5px 30px -10px #123f524d !important;padding-bottom:80px !important;}@media screen and (min-width:690px) and (max-width:999px){.stk-4de02d0 {flex:var(--stk-flex-grow, 1) 1 calc(100% - var(--stk-column-gap, 0px) * 0 \/ 1 ) !important;}}<\/style><div class=\"stk-column-wrapper stk-block-column__content stk-container stk-4de02d0-container stk-hover-parent\"><div class=\"stk-block-content stk-inner-blocks stk-4de02d0-inner-blocks\">\n<div class=\"wp-block-stackable-image stk-block-image stk-block stk-0d28044\" data-block-id=\"0d28044\"><style>.stk-0d28044 .stk-img-wrapper{width:80% !important;}<\/style><figure><span class=\"stk-img-wrapper stk-image--shape-stretch\"><img loading=\"lazy\" decoding=\"async\" class=\"stk-img wp-image-4669\" src=\"https:\/\/naralimon.com\/wp-content\/uploads\/2026\/05\/GOALVERSE-WB-1000x300-1.png\" width=\"800\" height=\"200\" srcset=\"https:\/\/naralimon.com\/wp-content\/uploads\/2026\/05\/GOALVERSE-WB-1000x300-1.png 800w, https:\/\/naralimon.com\/wp-content\/uploads\/2026\/05\/GOALVERSE-WB-1000x300-1-300x75.png 300w, https:\/\/naralimon.com\/wp-content\/uploads\/2026\/05\/GOALVERSE-WB-1000x300-1-768x192.png 768w, https:\/\/naralimon.com\/wp-content\/uploads\/2026\/05\/GOALVERSE-WB-1000x300-1-18x5.png 18w\" sizes=\"auto, (max-width: 800px) 100vw, 800px\" \/><\/span><\/figure><\/div>\n\n\n\n<div class=\"wp-block-stackable-text stk-block-text stk-block stk-0b20c3c\" data-block-id=\"0b20c3c\"><p class=\"stk-block-text__text\">Anticoaching sat\u00edrico contra el sinsentido motivacional. Una pr\u00f3xima producci\u00f3n digital sobre metas, gur\u00fas, rituales, niebla productiva y la hermosa derrota de la autooptimizaci\u00f3n.\n<\/p><\/div>\n\n\n\n<div class=\"wp-block-stackable-button-group stk-block-button-group stk-block stk-3d895e9\" data-block-id=\"3d895e9\"><div class=\"stk-row stk-inner-blocks stk-block-content stk-button-group\">\n<div class=\"wp-block-stackable-button stk-block-button stk-block stk-7b0a3bf\" data-block-id=\"7b0a3bf\"><a class=\"stk-link stk-button stk--hover-effect-darken\" href=\"https:\/\/xagria.com\" rel=\"noreferrer noopener\"><span class=\"stk-button__inner-text\">Pr\u00f3ximamente<\/span><span class=\"stk--svg-wrapper\"><div class=\"stk--inner-svg\"><svg aria-hidden=\"true\" data-prefix=\"fas\" data-icon=\"arrow-right\" class=\"svg-inline--fa fa-arrow-right fa-w-14\" xmlns=\"http:\/\/www.w3.org\/2000\/svg\" viewbox=\"0 0 448 512\" width=\"32\" height=\"32\"><path fill=\"currentColor\" d=\"M190.5 66.9l22.2-22.2c9.4-9.4 24.6-9.4 33.9 0L441 239c9.4 9.4 9.4 24.6 0 33.9L246.6 467.3c-9.4 9.4-24.6 9.4-33.9 0l-22.2-22.2c-9.5-9.5-9.3-25 .4-34.3L311.4 296H24c-13.3 0-24-10.7-24-24v-32c0-13.3 10.7-24 24-24h287.4L190.9 101.2c-9.8-9.3-10-24.8-.4-34.3z\"><\/path><\/svg><\/div><\/span><\/a><\/div>\n<\/div><\/div>\n<\/div><\/div><\/div>\n<\/div><\/div>\n\n\n\n<div class=\"wp-block-stackable-feature-grid alignwide stk-block-feature-grid stk-block-columns stk-block stk-e0f7cad is-style-large-mid\" data-block-id=\"e0f7cad\"><style>.stk-e0f7cad .stk--block-align-e0f7cad{align-items:center !important;}.stk-e0f7cad-column{--stk-column-gap:32px !important;}@media screen and (max-width:689px){.stk-e0f7cad-column{row-gap:24px !important;}}<\/style><div class=\"stk-row stk-inner-blocks has-text-align-center stk--block-align-e0f7cad stk-block-content stk-content-align stk-e0f7cad-column alignwide\">\n<div class=\"wp-block-stackable-column stk-block-column stk-column stk-block stk-46fa962\" data-v=\"4\" data-block-id=\"46fa962\"><style>.stk-46fa962-inner-blocks{justify-content:center !important;}.stk-46fa962-container{display:flex !important;}@media screen and (min-width:690px) and (max-width:999px){.stk-46fa962 {flex:var(--stk-flex-grow, 1) 1 calc(100% - var(--stk-column-gap, 0px) * 0 \/ 1 ) !important;}}<\/style><div class=\"stk-column-wrapper stk-block-column__content stk-container stk-46fa962-container stk--no-background stk--no-padding\"><div class=\"stk-block-content stk-inner-blocks stk-46fa962-inner-blocks\">\n<div class=\"wp-block-stackable-image stk-block-image stk-block stk-7d3f5cb\" data-block-id=\"7d3f5cb\"><style>.stk-7d3f5cb .stk-img-wrapper{height:100px !important;}<\/style><figure><span class=\"stk-img-wrapper stk-image--shape-stretch\"><img loading=\"lazy\" decoding=\"async\" class=\"stk-img wp-image-4672\" src=\"https:\/\/naralimon.com\/wp-content\/uploads\/2026\/05\/QOOBIX-E85A2A-1000x300-1.png\" width=\"1000\" height=\"300\" srcset=\"https:\/\/naralimon.com\/wp-content\/uploads\/2026\/05\/QOOBIX-E85A2A-1000x300-1.png 1000w, https:\/\/naralimon.com\/wp-content\/uploads\/2026\/05\/QOOBIX-E85A2A-1000x300-1-300x90.png 300w, https:\/\/naralimon.com\/wp-content\/uploads\/2026\/05\/QOOBIX-E85A2A-1000x300-1-768x230.png 768w, https:\/\/naralimon.com\/wp-content\/uploads\/2026\/05\/QOOBIX-E85A2A-1000x300-1-18x5.png 18w\" sizes=\"auto, (max-width: 1000px) 100vw, 1000px\" \/><\/span><\/figure><\/div>\n\n\n\n<div class=\"wp-block-stackable-text stk-block-text stk-block stk-f6b9a3c\" data-block-id=\"f6b9a3c\"><p class=\"stk-block-text__text\">Inteligencia empresarial a partir de la intenci\u00f3n de mercado.\nUn motor de informes enfocado que convierte b\u00fasquedas de mercado en inteligencia comercial pr\u00e1ctica y descargable.\n<\/p><\/div>\n\n\n\n<div class=\"wp-block-stackable-button-group stk-block-button-group stk-block stk-be74897\" data-block-id=\"be74897\"><div class=\"stk-row stk-inner-blocks stk-block-content stk-button-group\">\n<div class=\"wp-block-stackable-button stk-block-button stk-block stk-60843d3\" data-block-id=\"60843d3\"><a class=\"stk-link stk-button stk--hover-effect-darken\" href=\"https:\/\/siendamedia.com\" rel=\"noreferrer noopener\"><span class=\"stk-button__inner-text\">Pr\u00f3ximamente<\/span><span class=\"stk--svg-wrapper\"><div class=\"stk--inner-svg\"><svg aria-hidden=\"true\" data-prefix=\"fas\" data-icon=\"arrow-right\" class=\"svg-inline--fa fa-arrow-right fa-w-14\" xmlns=\"http:\/\/www.w3.org\/2000\/svg\" viewbox=\"0 0 448 512\" width=\"32\" height=\"32\"><path fill=\"currentColor\" d=\"M190.5 66.9l22.2-22.2c9.4-9.4 24.6-9.4 33.9 0L441 239c9.4 9.4 9.4 24.6 0 33.9L246.6 467.3c-9.4 9.4-24.6 9.4-33.9 0l-22.2-22.2c-9.5-9.5-9.3-25 .4-34.3L311.4 296H24c-13.3 0-24-10.7-24-24v-32c0-13.3 10.7-24 24-24h287.4L190.9 101.2c-9.8-9.3-10-24.8-.4-34.3z\"><\/path><\/svg><\/div><\/span><\/a><\/div>\n<\/div><\/div>\n<\/div><\/div><\/div>\n\n\n\n<div class=\"wp-block-stackable-column stk-block-column stk-column stk-block stk-2ecd058\" data-v=\"4\" data-block-id=\"2ecd058\"><style>.stk-2ecd058-container{box-shadow:0 5px 30px -10px #123f524d !important;padding-bottom:80px !important;}@media screen and (min-width:690px) and (max-width:999px){.stk-2ecd058 {flex:var(--stk-flex-grow, 1) 1 calc(100% - var(--stk-column-gap, 0px) * 0 \/ 1 ) !important;}}<\/style><div class=\"stk-column-wrapper stk-block-column__content stk-container stk-2ecd058-container stk-hover-parent\"><div class=\"stk-block-content stk-inner-blocks stk-2ecd058-inner-blocks\">\n<div class=\"wp-block-stackable-image stk-block-image stk-block stk-56e787a\" data-block-id=\"56e787a\"><style>.stk-56e787a .stk-img-wrapper{height:250px !important;}<\/style><figure><span class=\"stk-img-wrapper stk-image--shape-stretch\"><img loading=\"lazy\" decoding=\"async\" class=\"stk-img wp-image-4676\" src=\"https:\/\/naralimon.com\/wp-content\/uploads\/2026\/05\/AGENTIC-AI.png\" width=\"512\" height=\"512\" srcset=\"https:\/\/naralimon.com\/wp-content\/uploads\/2026\/05\/AGENTIC-AI.png 512w, https:\/\/naralimon.com\/wp-content\/uploads\/2026\/05\/AGENTIC-AI-300x300.png 300w, https:\/\/naralimon.com\/wp-content\/uploads\/2026\/05\/AGENTIC-AI-150x150.png 150w, https:\/\/naralimon.com\/wp-content\/uploads\/2026\/05\/AGENTIC-AI-12x12.png 12w\" sizes=\"auto, (max-width: 512px) 100vw, 512px\" \/><\/span><\/figure><\/div>\n\n\n\n<div class=\"wp-block-stackable-text stk-block-text stk-block stk-f316dca\" data-block-id=\"f316dca\"><p class=\"stk-block-text__text\">Agentes de IA de alto nivel para usos empresariales serios. Sistemas de IA seleccionados, dise\u00f1ados con conocimiento del sector, disciplina de procesos y acceso disponible solo bajo solicitud.\n<\/p><\/div>\n\n\n\n<div class=\"wp-block-stackable-button-group stk-block-button-group stk-block stk-abd8fbc\" data-block-id=\"abd8fbc\"><div class=\"stk-row stk-inner-blocks stk-block-content stk-button-group\">\n<div class=\"wp-block-stackable-button stk-block-button stk-block stk-ddb5e25\" data-block-id=\"ddb5e25\"><a class=\"stk-link stk-button stk--hover-effect-darken\" href=\"https:\/\/sienda.co.uk\" target=\"_blank\" rel=\"noreferrer noopener\"><span class=\"stk-button__inner-text\">CONTACTANOS<\/span><span class=\"stk--svg-wrapper\"><div class=\"stk--inner-svg\"><svg aria-hidden=\"true\" data-prefix=\"fas\" data-icon=\"arrow-right\" class=\"svg-inline--fa fa-arrow-right fa-w-14\" xmlns=\"http:\/\/www.w3.org\/2000\/svg\" viewbox=\"0 0 448 512\" width=\"32\" height=\"32\"><path fill=\"currentColor\" d=\"M190.5 66.9l22.2-22.2c9.4-9.4 24.6-9.4 33.9 0L441 239c9.4 9.4 9.4 24.6 0 33.9L246.6 467.3c-9.4 9.4-24.6 9.4-33.9 0l-22.2-22.2c-9.5-9.5-9.3-25 .4-34.3L311.4 296H24c-13.3 0-24-10.7-24-24v-32c0-13.3 10.7-24 24-24h287.4L190.9 101.2c-9.8-9.3-10-24.8-.4-34.3z\"><\/path><\/svg><\/div><\/span><\/a><\/div>\n<\/div><\/div>\n<\/div><\/div><\/div>\n<\/div><\/div>\n<\/div><\/div><\/div>\n<\/div><\/div>\n\n\n\n<div style=\"height:100px\" aria-hidden=\"true\" class=\"wp-block-spacer\"><\/div>","protected":false},"excerpt":{"rendered":"<p>Enjoy Descubre una parte de nuestro ecosistema: una selecci\u00f3n de productos para Espa\u00f1a, respaldada por m\u00e1s de 35 a\u00f1os de experiencia en ingenier\u00eda empresarial e IT. Intercambio temporal seguro para informaci\u00f3n sensible. Un sistema centrado en la confidencialidad para intercambiar datos cr\u00edticos sin dejar residuos digitales permanentes. M\u00e1s informaci\u00f3n Anticoaching sat\u00edrico contra el sinsentido motivacional. [&hellip;]<\/p>\n","protected":false},"author":2,"featured_media":0,"parent":0,"menu_order":0,"comment_status":"closed","ping_status":"closed","template":"","meta":{"_themeisle_gutenberg_block_has_review":false,"footnotes":""},"class_list":["post-4037","page","type-page","status-publish","hentry"],"blocksy_meta":{"has_hero_section":"disabled","styles_descriptor":{"styles":{"desktop":"","tablet":"","mobile":""},"google_fonts":[],"version":6}},"_links":{"self":[{"href":"https:\/\/naralimon.com\/es\/wp-json\/wp\/v2\/pages\/4037","targetHints":{"allow":["GET"]}}],"collection":[{"href":"https:\/\/naralimon.com\/es\/wp-json\/wp\/v2\/pages"}],"about":[{"href":"https:\/\/naralimon.com\/es\/wp-json\/wp\/v2\/types\/page"}],"author":[{"embeddable":true,"href":"https:\/\/naralimon.com\/es\/wp-json\/wp\/v2\/users\/2"}],"replies":[{"embeddable":true,"href":"https:\/\/naralimon.com\/es\/wp-json\/wp\/v2\/comments?post=4037"}],"version-history":[{"count":11,"href":"https:\/\/naralimon.com\/es\/wp-json\/wp\/v2\/pages\/4037\/revisions"}],"predecessor-version":[{"id":4690,"href":"https:\/\/naralimon.com\/es\/wp-json\/wp\/v2\/pages\/4037\/revisions\/4690"}],"wp:attachment":[{"href":"https:\/\/naralimon.com\/es\/wp-json\/wp\/v2\/media?parent=4037"}],"curies":[{"name":"wp","href":"https:\/\/api.w.org\/{rel}","templated":true}]}}